{"id":7382,"date":"2016-06-03T07:26:49","date_gmt":"2016-06-03T05:26:49","guid":{"rendered":"http:\/\/elma-group.eu\/?page_id=7382"},"modified":"2016-06-13T12:51:12","modified_gmt":"2016-06-13T10:51:12","slug":"zgodovina","status":"publish","type":"page","link":"http:\/\/elma-group.eu\/si\/zgodovina\/","title":{"rendered":"Zgodovina"},"content":{"rendered":"[vc_row][vc_column][vc_custom_heading text=&#8221;Za\u010detki podjetje Elma TGA&#8221; font_container=&#8221;tag:h2|text_align:center&#8221; google_fonts=&#8221;font_family:Istok%20Web%3Aregular%2Citalic%2C700%2C700italic|font_style:700%20bold%20regular%3A700%3Anormal&#8221;][vc_column_text]\n<p style=\"text-align: center;\">Za\u010detek sega v leto <strong>1947<\/strong>, ko se je ve\u010d manj\u0161ih obrtnih podjetij zdru\u017eilo z namenom uspe\u0161nega delovanja na Jugoslovanskem trgu elektrometeriala.<\/p>\n[\/vc_column_text][\/vc_column][\/vc_row][vc_row css=&#8221;.vc_custom_1453217339571{padding-top: 50px !important;padding-bottom: 50px !important;}&#8221;][vc_column width=&#8221;1\/6&#8243;][\/vc_column][vc_column width=&#8221;2\/6&#8243;][vc_custom_heading text=&#8221;Zgodovina&#8221; font_container=&#8221;tag:h3|text_align:left|color:%23515151|line_height:1.2&#8243; google_fonts=&#8221;font_family:Istok%20Web%3Aregular%2Citalic%2C700%2C700italic|font_style:700%20bold%20regular%3A700%3Anormal&#8221;][vc_column_text]Med leti <strong>1947<\/strong> in <strong>1957<\/strong> je podjetje uspe\u0161no raslo. V okolici podjetja je Elma zgradila blokovsko naselje in otro\u0161ki vrtec.<\/p>\n<p>Leta <strong>1968<\/strong> sedanji lastnik za\u010den obiskovati osnovno \u0161olo hkrati pa mama Marija v Elmi, v no\u010dni izmeni opravljati delo za teko\u010dim trakom.<\/p>\n<p><strong>1983<\/strong> je bilo v znamenju naveze uspe\u0161nih stikov s priznanim nem\u0161kim podjetjem Rowenta. Eden izmed najbolj uspe\u0161nih rezultatov sodelovanja je legendarni likalnik, ki ga \u0161e vedno najdemo v \u0161tevilnih domovih po Sloveniji.[\/vc_column_text][\/vc_column][vc_column width=&#8221;2\/6&#8243;][vc_custom_heading text=&#8221;ELMA 1947&#8243; font_container=&#8221;tag:h5|text_align:center|color:%23515151|line_height:1.2&#8243; google_fonts=&#8221;font_family:Istok%20Web%3Aregular%2Citalic%2C700%2C700italic|font_style:700%20bold%20regular%3A700%3Anormal&#8221;][vc_single_image image=&#8221;7403&#8243; img_size=&#8221;full&#8221; add_caption=&#8221;yes&#8221; alignment=&#8221;center&#8221;][\/vc_column][vc_column width=&#8221;1\/6&#8243;][\/vc_column][\/vc_row][vc_row][vc_column width=&#8221;1\/6&#8243;][\/vc_column][vc_column width=&#8221;2\/6&#8243;][vc_row_inner][vc_column_inner][vc_single_image style=&#8221;vc_box_rounded&#8221;][\/vc_column_inner][\/vc_row_inner][\/vc_column][vc_column width=&#8221;2\/6&#8243;][vc_custom_heading text=&#8221;Elma Group&#8221; font_container=&#8221;tag:h3|text_align:left|color:%23515151|line_height:1.2&#8243; google_fonts=&#8221;font_family:Istok%20Web%3Aregular%2Citalic%2C700%2C700italic|font_style:700%20bold%20regular%3A700%3Anormal&#8221;][vc_column_text]<strong>Devetdeseta leta<\/strong> kot prelomnica v slovenskem podjetni\u0161tvu, reforme poslovnega sektorja in usmeritev v tr\u017eno poslovno okolje.<\/p>\n<p><strong>Leta 2001<\/strong> se z Elme razvije Elma Group, ki kot krovna blagovna znamka uspe\u0161no zdru\u017euje razli\u010dne projekte in dejavnosti.[\/vc_column_text][\/vc_column][vc_column width=&#8221;1\/6&#8243;][\/vc_column][\/vc_row]\n","protected":false},"excerpt":{"rendered":"<p>[vc_row][vc_column][vc_custom_heading text=&#8221;Za\u010detki podjetje Elma TGA&#8221; font_container=&#8221;tag:h2|text_align:center&#8221; google_fonts=&#8221;font_family:Istok%20Web%3Aregular%2Citalic%2C700%2C700italic|font_style:700%20bold%20regular%3A700%3Anormal&#8221;][vc_column_text] Za\u010detek sega v leto 1947, ko se je ve\u010d manj\u0161ih obrtnih podjetij zdru\u017eilo z namenom uspe\u0161nega delovanja na Jugoslovanskem trgu elektrometeriala. [\/vc_column_text][\/vc_column][\/vc_row][vc_row css=&#8221;.vc_custom_1453217339571{padding-top: 50px !important;padding-bottom: 50px !important;}&#8221;][vc_column width=&#8221;1\/6&#8243;][\/vc_column][vc_column width=&#8221;2\/6&#8243;][vc_custom_heading text=&#8221;Zgodovina&#8221; font_container=&#8221;tag:h3|text_align:left|color:%23515151|line_height:1.2&#8243; google_fonts=&#8221;font_family:Istok%20Web%3Aregular%2Citalic%2C700%2C700italic|font_style:700%20bold%20regular%3A700%3Anormal&#8221;][vc_column_text]Med leti 1947 in 1957 je podjetje uspe\u0161no raslo. V okolici podjetja je Elma zgradila blokovsko naselje [&hellip;]<\/p>\n","protected":false},"author":1,"featured_media":0,"parent":0,"menu_order":0,"comment_status":"closed","ping_status":"closed","template":"","meta":[],"_links":{"self":[{"href":"http:\/\/elma-group.eu\/si\/wp-json\/wp\/v2\/pages\/7382"}],"collection":[{"href":"http:\/\/elma-group.eu\/si\/wp-json\/wp\/v2\/pages"}],"about":[{"href":"http:\/\/elma-group.eu\/si\/wp-json\/wp\/v2\/types\/page"}],"author":[{"embeddable":true,"href":"http:\/\/elma-group.eu\/si\/wp-json\/wp\/v2\/users\/1"}],"replies":[{"embeddable":true,"href":"http:\/\/elma-group.eu\/si\/wp-json\/wp\/v2\/comments?post=7382"}],"version-history":[{"count":28,"href":"http:\/\/elma-group.eu\/si\/wp-json\/wp\/v2\/pages\/7382\/revisions"}],"predecessor-version":[{"id":7455,"href":"http:\/\/elma-group.eu\/si\/wp-json\/wp\/v2\/pages\/7382\/revisions\/7455"}],"wp:attachment":[{"href":"http:\/\/elma-group.eu\/si\/wp-json\/wp\/v2\/media?parent=7382"}],"curies":[{"name":"wp","href":"https:\/\/api.w.org\/{rel}","templated":true}]}}