{"id":7379,"date":"2016-06-03T07:26:32","date_gmt":"2016-06-03T05:26:32","guid":{"rendered":"http:\/\/elma-group.eu\/?page_id=7379"},"modified":"2016-06-10T09:24:50","modified_gmt":"2016-06-10T07:24:50","slug":"poslanstvo","status":"publish","type":"page","link":"http:\/\/elma-group.eu\/si\/poslanstvo\/","title":{"rendered":"Poslanstvo"},"content":{"rendered":"[vc_row css=&#8221;.vc_custom_1453217339571{padding-top: 50px !important;padding-bottom: 50px !important;}&#8221;][vc_column width=&#8221;2\/3&#8243;][vc_custom_heading text=&#8221;&#8220;Razvoj in \u017eelja po bolj\u0161em svetu&#8220;&#8221; google_fonts=&#8221;font_family:Istok%20Web%3Aregular%2Citalic%2C700%2C700italic|font_style:700%20bold%20regular%3A700%3Anormal&#8221;][vc_column_text]Poslanstvo skupine Elma Group temelji na zdru\u017eevanju in povezovanju zagnanih, sposobnih in uspeha \u017eeljnih ljudi s poudarkom na neprestanem razvoju in \u017eelji po oblikovanju bolj\u0161ega sveta.<\/p>\n<p>Vklju\u010denost izku\u0161enih starej\u0161ih ter mladostno zagnanih ljudi predstavlja pomemben vidik skupine, ki jo sestavljajo podjetja delujo\u010da na razli\u010dnih podro\u010djih. Dejavnosti podjetij so med drugim povezane s \u0161portom, zabavo, zdravjem, vzgojo, izobra\u017eevanjem in kvaliteto \u017eivljenja, naravnanost podjetij pa temelji na prijaznosti do lokalnega in \u0161ir\u0161ega okolja ter rasti v vseh pogledih.[\/vc_column_text][\/vc_column][vc_column width=&#8221;1\/3&#8243;][vc_single_image image=&#8221;7434&#8243; img_size=&#8221;full&#8221; alignment=&#8221;center&#8221;][\/vc_column][\/vc_row]\n","protected":false},"excerpt":{"rendered":"<p>[vc_row css=&#8221;.vc_custom_1453217339571{padding-top: 50px !important;padding-bottom: 50px !important;}&#8221;][vc_column width=&#8221;2\/3&#8243;][vc_custom_heading text=&#8221;&#8220;Razvoj in \u017eelja po bolj\u0161em svetu&#8220;&#8221; google_fonts=&#8221;font_family:Istok%20Web%3Aregular%2Citalic%2C700%2C700italic|font_style:700%20bold%20regular%3A700%3Anormal&#8221;][vc_column_text]Poslanstvo skupine Elma Group temelji na zdru\u017eevanju in povezovanju zagnanih, sposobnih in uspeha \u017eeljnih ljudi s poudarkom na neprestanem razvoju in \u017eelji po oblikovanju bolj\u0161ega sveta. Vklju\u010denost izku\u0161enih starej\u0161ih ter mladostno zagnanih ljudi predstavlja pomemben vidik skupine, ki jo sestavljajo podjetja delujo\u010da [&hellip;]<\/p>\n","protected":false},"author":1,"featured_media":0,"parent":0,"menu_order":0,"comment_status":"closed","ping_status":"closed","template":"","meta":[],"_links":{"self":[{"href":"http:\/\/elma-group.eu\/si\/wp-json\/wp\/v2\/pages\/7379"}],"collection":[{"href":"http:\/\/elma-group.eu\/si\/wp-json\/wp\/v2\/pages"}],"about":[{"href":"http:\/\/elma-group.eu\/si\/wp-json\/wp\/v2\/types\/page"}],"author":[{"embeddable":true,"href":"http:\/\/elma-group.eu\/si\/wp-json\/wp\/v2\/users\/1"}],"replies":[{"embeddable":true,"href":"http:\/\/elma-group.eu\/si\/wp-json\/wp\/v2\/comments?post=7379"}],"version-history":[{"count":8,"href":"http:\/\/elma-group.eu\/si\/wp-json\/wp\/v2\/pages\/7379\/revisions"}],"predecessor-version":[{"id":7457,"href":"http:\/\/elma-group.eu\/si\/wp-json\/wp\/v2\/pages\/7379\/revisions\/7457"}],"wp:attachment":[{"href":"http:\/\/elma-group.eu\/si\/wp-json\/wp\/v2\/media?parent=7379"}],"curies":[{"name":"wp","href":"https:\/\/api.w.org\/{rel}","templated":true}]}}