{"id":7377,"date":"2016-06-03T07:26:21","date_gmt":"2016-06-03T05:26:21","guid":{"rendered":"http:\/\/elma-group.eu\/?page_id=7377"},"modified":"2016-06-10T09:24:27","modified_gmt":"2016-06-10T07:24:27","slug":"vizija","status":"publish","type":"page","link":"http:\/\/elma-group.eu\/si\/vizija\/","title":{"rendered":"Vizija"},"content":{"rendered":"[vc_row css=&#8221;.vc_custom_1453217339571{padding-top: 50px !important;padding-bottom: 50px !important;}&#8221;][vc_column width=&#8221;1\/3&#8243;][vc_single_image image=&#8221;7427&#8243; img_size=&#8221;full&#8221; alignment=&#8221;center&#8221;][\/vc_column][vc_column width=&#8221;2\/3&#8243;][vc_custom_heading text=&#8221;&#8220;Uspeh je rezultat kombinacije izku\u0161enj in sve\u017eine zaposlenih&#8220;&#8221; google_fonts=&#8221;font_family:Istok%20Web%3Aregular%2Citalic%2C700%2C700italic|font_style:700%20bold%20regular%3A700%3Anormal&#8221;][vc_column_text]Cilj skupine je u\u010dinkovito sodelovanje in vzajemna pomo\u010d med posamezniki in podjetji, ob posebni skrbi do okolja, narave in \u017eivali. Preko raznovrstnih dejavnosti \u017eelimo biti uspe\u0161no vklju\u010deni v \u0161ir\u0161e okolje in dru\u017ebo ter postati pomemben partner na podro\u010dju na katerem deluje posamezno podjetje.<\/p>\n<p>Zagotavljali bomo celosten razvoj podjetij oziroma dejavnosti v skupini ter si prizadevali k vklju\u010devanju novih podjetji in ljudi. Rast zaposlovanja predstavlja pomemben cilj skupine, saj verjamemo, da lahko uspeh dose\u017eemo prav s kombinacijo izku\u0161enj in sve\u017eine zaposlenih.[\/vc_column_text][\/vc_column][\/vc_row]\n","protected":false},"excerpt":{"rendered":"<p>[vc_row css=&#8221;.vc_custom_1453217339571{padding-top: 50px !important;padding-bottom: 50px !important;}&#8221;][vc_column width=&#8221;1\/3&#8243;][vc_single_image image=&#8221;7427&#8243; img_size=&#8221;full&#8221; alignment=&#8221;center&#8221;][\/vc_column][vc_column width=&#8221;2\/3&#8243;][vc_custom_heading text=&#8221;&#8220;Uspeh je rezultat kombinacije izku\u0161enj in sve\u017eine zaposlenih&#8220;&#8221; google_fonts=&#8221;font_family:Istok%20Web%3Aregular%2Citalic%2C700%2C700italic|font_style:700%20bold%20regular%3A700%3Anormal&#8221;][vc_column_text]Cilj skupine je u\u010dinkovito sodelovanje in vzajemna pomo\u010d med posamezniki in podjetji, ob posebni skrbi do okolja, narave in \u017eivali. Preko raznovrstnih dejavnosti \u017eelimo biti uspe\u0161no vklju\u010deni v \u0161ir\u0161e okolje in dru\u017ebo ter postati pomemben partner [&hellip;]<\/p>\n","protected":false},"author":1,"featured_media":0,"parent":0,"menu_order":0,"comment_status":"closed","ping_status":"closed","template":"","meta":[],"_links":{"self":[{"href":"http:\/\/elma-group.eu\/si\/wp-json\/wp\/v2\/pages\/7377"}],"collection":[{"href":"http:\/\/elma-group.eu\/si\/wp-json\/wp\/v2\/pages"}],"about":[{"href":"http:\/\/elma-group.eu\/si\/wp-json\/wp\/v2\/types\/page"}],"author":[{"embeddable":true,"href":"http:\/\/elma-group.eu\/si\/wp-json\/wp\/v2\/users\/1"}],"replies":[{"embeddable":true,"href":"http:\/\/elma-group.eu\/si\/wp-json\/wp\/v2\/comments?post=7377"}],"version-history":[{"count":8,"href":"http:\/\/elma-group.eu\/si\/wp-json\/wp\/v2\/pages\/7377\/revisions"}],"predecessor-version":[{"id":7456,"href":"http:\/\/elma-group.eu\/si\/wp-json\/wp\/v2\/pages\/7377\/revisions\/7456"}],"wp:attachment":[{"href":"http:\/\/elma-group.eu\/si\/wp-json\/wp\/v2\/media?parent=7377"}],"curies":[{"name":"wp","href":"https:\/\/api.w.org\/{rel}","templated":true}]}}