{"id":6597,"date":"2014-01-21T20:25:19","date_gmt":"2014-01-21T20:25:19","guid":{"rendered":"http:\/\/polytechnic.themeisland.net\/?page_id=777"},"modified":"2016-06-13T12:24:42","modified_gmt":"2016-06-13T10:24:42","slug":"domov","status":"publish","type":"page","link":"http:\/\/elma-group.eu\/si\/","title":{"rendered":"Domov"},"content":{"rendered":"[vc_row el_class=&#8221;hover-grid&#8221;][vc_column width=&#8221;1\/2&#8243;][vc_column_text]<a href=\"http:\/\/www.elma-crnuce.si\"> \r\n \r\n          <div class='poly_custom-16 hover-image wpb_content_element  vc_align_left'>\r\n            <div class='module-inner' style='width:100%;'>\r\n              \r\n              \r\n                <div class='module-image'>\r\n                  <img alt=\"\" src=\"http:\/\/elma-group.eu\/wp-content\/uploads\/2014\/01\/elma-crnuce-1.png\">\r\n                <\/div>\r\n              \r\n\r\n              <div class='module-content'  style=''>\r\n                <div class='content-inner'>\r\n                  <h4 class=\"pb_title\">Elma-crnuce.si - (Business Center)<\/h4>\r\n                  <\/a><\/p>\n\r\n                <\/div>\r\n              <\/div>\r\n              \r\n              <div class='module-background' style='background-color:#144563; opacity:0.9'>\r\n              <\/div>\r\n\r\n              <div class='pb_transitions'>\r\n                <div class='pb_css'>\r\n                <style>\r\n                      html:not(.no-csstransitions) .poly_custom-16.hover-image .module-inner .module-content,\r\n                      html:not(.no-csstransitions) .poly_custom-16.hover-image .module-inner .module-background {\r\n                        height: 40px;\r\n                      }\r\n                      html:not(.no-csstransitions) .poly_custom-16.hover-image .module-inner:hover .module-content, \r\n                      html:not(.no-csstransitions) .poly_custom-16.hover-image .module-inner:hover .module-background { \r\n                        height: 40px;\r\n                      }\r\n                  <\/style>\r\n                <\/div>\r\n                <div class='pb_jquery'>\r\n                  <input class='start_position' type='text' value='40px' style='display:none;'>\r\n                      <input class='end_position' type='text' value='40px' style='display:none;'>\r\n                    <\/div>\r\n                <\/div>\r\n\r\n            <\/div>\r\n\r\n      <\/div>\r\n\r\n\r\n  [vc_row_inner][vc_column_inner width=&#8221;1\/2&#8243;] \r\n \r\n          <div class='poly_custom-6 hover-image wpb_content_element  vc_align_center'>\r\n            <div class='module-inner' style='width:100%;'>\r\n              \r\n              \r\n                <div class='module-image'>\r\n                  <img alt=\"\" src=\"http:\/\/elma-group.eu\/wp-content\/uploads\/2014\/01\/didasport.comi_.jpg\">\r\n                <\/div>\r\n              \r\n\r\n              <div class='module-content'  style=''>\r\n                <div class='content-inner'>\r\n                  <h4 class=\"pb_title\">Didasport.com - (Sport Equipment)<\/h4>\r\n                  \n<hr \/>\n<p>Prodaja pohi\u0161tva in opreme za vrtce in \u0161ole, prodaja igra\u010d, igral in didakti\u010dnih pripomo\u010dkov. Organizacija rojstnodnevnih zabav in u\u010dnih uric. <a href=\"http:\/\/didasport.com\" class=\"su-button su-button-style-bubbles\" style=\"color:#FFFFFF;background-color:#144563;border-color:#10374f;border-radius:5px;-moz-border-radius:5px;-webkit-border-radius:5px\" target=\"_self\"><span style=\"color:#FFFFFF;padding:0px 16px;font-size:13px;line-height:26px;border-color:#5b7d92;border-radius:5px;-moz-border-radius:5px;-webkit-border-radius:5px;text-shadow:none;-moz-text-shadow:none;-webkit-text-shadow:none\">  Link <\/span><\/a>\n<p><a href=\"http:\/\/www.privoscisitrenutek.si\">\r\n                <\/div>\r\n              <\/div>\r\n              \r\n              <div class='module-background' style='background-color:#144563; opacity:0.9'>\r\n              <\/div>\r\n\r\n              <div class='pb_transitions'>\r\n                <div class='pb_css'>\r\n                <style>\r\n                      html:not(.no-csstransitions) .poly_custom-6.hover-image .module-inner .module-content,\r\n                      html:not(.no-csstransitions) .poly_custom-6.hover-image .module-inner .module-background {\r\n                        height: 40px;\r\n                      }\r\n                      html:not(.no-csstransitions) .poly_custom-6.hover-image .module-inner:hover .module-content, \r\n                      html:not(.no-csstransitions) .poly_custom-6.hover-image .module-inner:hover .module-background { \r\n                        height: 100%;\r\n                      }\r\n                  <\/style>\r\n                <\/div>\r\n                <div class='pb_jquery'>\r\n                  <input class='start_position' type='text' value='40px' style='display:none;'>\r\n                      <input class='end_position' type='text' value='100%' style='display:none;'>\r\n                    <\/div>\r\n                <\/div>\r\n\r\n            <\/div>\r\n\r\n      <\/div>\r\n\r\n\r\n  [\/vc_column_inner][vc_column_inner width=&#8221;1\/2&#8243;] \r\n \r\n          <div class='poly_custom-8 hover-image wpb_content_element  vc_align_center'>\r\n            <div class='module-inner' style='width:100%;'>\r\n              \r\n              \r\n                <div class='module-image'>\r\n                  <img alt=\"\" src=\"http:\/\/elma-group.eu\/wp-content\/uploads\/2014\/01\/PrivosciSiTrenutek.png\">\r\n                <\/div>\r\n              \r\n\r\n              <div class='module-content'  style=''>\r\n                <div class='content-inner'>\r\n                  <h4 class=\"pb_title\">PrivosciSiTrenutek.si - (Coffe)<\/h4>\r\n                  <\/a><\/p>\n\r\n                <\/div>\r\n              <\/div>\r\n              \r\n              <div class='module-background' style='background-color:#144563; opacity:0.9'>\r\n              <\/div>\r\n\r\n              <div class='pb_transitions'>\r\n                <div class='pb_css'>\r\n                <style>\r\n                      html:not(.no-csstransitions) .poly_custom-8.hover-image .module-inner .module-content,\r\n                      html:not(.no-csstransitions) .poly_custom-8.hover-image .module-inner .module-background {\r\n                        height: 40px;\r\n                      }\r\n                      html:not(.no-csstransitions) .poly_custom-8.hover-image .module-inner:hover .module-content, \r\n                      html:not(.no-csstransitions) .poly_custom-8.hover-image .module-inner:hover .module-background { \r\n                        height: 40px;\r\n                      }\r\n                  <\/style>\r\n                <\/div>\r\n                <div class='pb_jquery'>\r\n                  <input class='start_position' type='text' value='40px' style='display:none;'>\r\n                      <input class='end_position' type='text' value='40px' style='display:none;'>\r\n                    <\/div>\r\n                <\/div>\r\n\r\n            <\/div>\r\n\r\n      <\/div>\r\n\r\n\r\n  [\/vc_column_inner][\/vc_row_inner][\/vc_column_text][\/vc_column][vc_column width=&#8221;1\/2&#8243;][vc_row_inner][vc_column_inner width=&#8221;1\/2&#8243;]<a href=\"http:\/\/www.elma-tga.si\"> \r\n \r\n          <div class='poly_custom-8 hover-image wpb_content_element  vc_align_center'>\r\n            <div class='module-inner' style='width:100%;'>\r\n              \r\n              \r\n                <div class='module-image'>\r\n                  <img alt=\"\" src=\"http:\/\/elma-group.eu\/wp-content\/uploads\/2014\/01\/elmga-tga1-1.png\">\r\n                <\/div>\r\n              \r\n\r\n              <div class='module-content'  style=''>\r\n                <div class='content-inner'>\r\n                  <h4 class=\"pb_title\">Elma.tga.si - (Vending Machine)<\/h4>\r\n                  <\/a><\/p>\n\r\n                <\/div>\r\n              <\/div>\r\n              \r\n              <div class='module-background' style='background-color:#144563; opacity:0.9'>\r\n              <\/div>\r\n\r\n              <div class='pb_transitions'>\r\n                <div class='pb_css'>\r\n                <style>\r\n                      html:not(.no-csstransitions) .poly_custom-8.hover-image .module-inner .module-content,\r\n                      html:not(.no-csstransitions) .poly_custom-8.hover-image .module-inner .module-background {\r\n                        height: 40px;\r\n                      }\r\n                      html:not(.no-csstransitions) .poly_custom-8.hover-image .module-inner:hover .module-content, \r\n                      html:not(.no-csstransitions) .poly_custom-8.hover-image .module-inner:hover .module-background { \r\n                        height: 40px;\r\n                      }\r\n                  <\/style>\r\n                <\/div>\r\n                <div class='pb_jquery'>\r\n                  <input class='start_position' type='text' value='40px' style='display:none;'>\r\n                      <input class='end_position' type='text' value='40px' style='display:none;'>\r\n                    <\/div>\r\n                <\/div>\r\n\r\n            <\/div>\r\n\r\n      <\/div>\r\n\r\n\r\n  [\/vc_column_inner][vc_column_inner width=&#8221;1\/2&#8243;] \r\n \r\n          <div class='poly_custom-8 hover-image wpb_content_element  vc_align_center'>\r\n            <div class='module-inner' style='width:100%;'>\r\n              \r\n              \r\n                <div class='module-image'>\r\n                  <img alt=\"\" src=\"http:\/\/elma-group.eu\/wp-content\/uploads\/2014\/01\/Party-Engineering.png\">\r\n                <\/div>\r\n              \r\n\r\n              <div class='module-content'  style=''>\r\n                <div class='content-inner'>\r\n                  <h4 class=\"pb_title\">Party Engineering - (Events)<\/h4>\r\n                  \n\r\n                <\/div>\r\n              <\/div>\r\n              \r\n              <div class='module-background' style='background-color:#144563; opacity:0.9'>\r\n              <\/div>\r\n\r\n              <div class='pb_transitions'>\r\n                <div class='pb_css'>\r\n                <style>\r\n                      html:not(.no-csstransitions) .poly_custom-8.hover-image .module-inner .module-content,\r\n                      html:not(.no-csstransitions) .poly_custom-8.hover-image .module-inner .module-background {\r\n                        height: 40px;\r\n                      }\r\n                      html:not(.no-csstransitions) .poly_custom-8.hover-image .module-inner:hover .module-content, \r\n                      html:not(.no-csstransitions) .poly_custom-8.hover-image .module-inner:hover .module-background { \r\n                        height: 40px;\r\n                      }\r\n                  <\/style>\r\n                <\/div>\r\n                <div class='pb_jquery'>\r\n                  <input class='start_position' type='text' value='40px' style='display:none;'>\r\n                      <input class='end_position' type='text' value='40px' style='display:none;'>\r\n                    <\/div>\r\n                <\/div>\r\n\r\n            <\/div>\r\n\r\n      <\/div>\r\n\r\n\r\n  [\/vc_column_inner][\/vc_row_inner][vc_row_inner][vc_column_inner width=&#8221;1\/2&#8243; offset=&#8221;vc_hidden-lg vc_hidden-md vc_hidden-sm vc_hidden-xs&#8221;] \r\n \r\n          <div class='poly_custom-5 hover-image wpb_content_element  vc_align_center'>\r\n            <div class='module-inner' style='width:100%;'>\r\n              \r\n              \r\n                <div class='module-image'>\r\n                  <img alt=\"\" src=\"\">\r\n                <\/div>\r\n              \r\n\r\n              <div class='module-content'  style=''>\r\n                <div class='content-inner'>\r\n                  <h4 class=\"pb_title\">SHANGHAI<\/h4>\r\n                  \r\n                <\/div>\r\n              <\/div>\r\n              \r\n              <div class='module-background' style='background-color:#144563; opacity:0.9'>\r\n              <\/div>\r\n\r\n              <div class='pb_transitions'>\r\n                <div class='pb_css'>\r\n                <style>\r\n                      html:not(.no-csstransitions) .poly_custom-5.hover-image .module-inner .module-content,\r\n                      html:not(.no-csstransitions) .poly_custom-5.hover-image .module-inner .module-background {\r\n                        height: 40px;\r\n                      }\r\n                      html:not(.no-csstransitions) .poly_custom-5.hover-image .module-inner:hover .module-content, \r\n                      html:not(.no-csstransitions) .poly_custom-5.hover-image .module-inner:hover .module-background { \r\n                        height: 100%;\r\n                      }\r\n                  <\/style>\r\n                <\/div>\r\n                <div class='pb_jquery'>\r\n                  <input class='start_position' type='text' value='40px' style='display:none;'>\r\n                      <input class='end_position' type='text' value='100%' style='display:none;'>\r\n                    <\/div>\r\n                <\/div>\r\n\r\n            <\/div>\r\n\r\n      <\/div>\r\n\r\n\r\n  [\/vc_column_inner][vc_column_inner width=&#8221;1\/2&#8243; offset=&#8221;vc_hidden-lg vc_hidden-md vc_hidden-sm vc_hidden-xs&#8221;] \r\n \r\n          <div class='poly_custom-5 hover-image wpb_content_element  vc_align_center'>\r\n            <div class='module-inner' style='width:100%;'>\r\n              \r\n              \r\n                <div class='module-image'>\r\n                  <img alt=\"\" src=\"\">\r\n                <\/div>\r\n              \r\n\r\n              <div class='module-content'  style=''>\r\n                <div class='content-inner'>\r\n                  <h4 class=\"pb_title\">\u0160TIPENDIJA<\/h4>\r\n                  \r\n                <\/div>\r\n              <\/div>\r\n              \r\n              <div class='module-background' style='background-color:#144563; opacity:0.9'>\r\n              <\/div>\r\n\r\n              <div class='pb_transitions'>\r\n                <div class='pb_css'>\r\n                <style>\r\n                      html:not(.no-csstransitions) .poly_custom-5.hover-image .module-inner .module-content,\r\n                      html:not(.no-csstransitions) .poly_custom-5.hover-image .module-inner .module-background {\r\n                        height: 40px;\r\n                      }\r\n                      html:not(.no-csstransitions) .poly_custom-5.hover-image .module-inner:hover .module-content, \r\n                      html:not(.no-csstransitions) .poly_custom-5.hover-image .module-inner:hover .module-background { \r\n                        height: 100%;\r\n                      }\r\n                  <\/style>\r\n                <\/div>\r\n                <div class='pb_jquery'>\r\n                  <input class='start_position' type='text' value='40px' style='display:none;'>\r\n                      <input class='end_position' type='text' value='100%' style='display:none;'>\r\n                    <\/div>\r\n                <\/div>\r\n\r\n            <\/div>\r\n\r\n      <\/div>\r\n\r\n\r\n  [\/vc_column_inner][\/vc_row_inner][\/vc_column][\/vc_row][vc_row][vc_column][vc_column_text][\/vc_column_text][\/vc_column][\/vc_row][vc_row][vc_column][vc_empty_space height=&#8221;30px&#8221;][\/vc_column][\/vc_row][vc_row css=&#8221;.vc_custom_1465449084636{margin-top: 30px !important;margin-bottom: 20px !important;background: #1c2335 url(http:\/\/elma-group.eu\/wp-content\/uploads\/2014\/01\/blue-bg-progressive.jpg?id=7298) !important;background-position: center !important;background-repeat: no-repeat !important;background-size: cover !important;}&#8221; font_color=&#8221;#ffffff&#8221; el_class=&#8221;parallax-vertical&#8221;][vc_column][vc_column_text css_animation=&#8221;left-to-right&#8221;]\n<h1 style=\"margin: 3rem 0px 0.7rem; line-height: 1; text-align: center; font-size: 4.8rem; font-weight: bold;\"><span style=\"color: #ffffff;\">Z Vami \u017ee od leta 1947.<\/span><\/h1>\n<h2 style=\"margin-bottom: 2rem; text-align: center; font-size: 3rem; font-weight: 200;\"><\/h2>\n[\/vc_column_text][\/vc_column][\/vc_row]\n","protected":false},"excerpt":{"rendered":"<p>[vc_row el_class=&#8221;hover-grid&#8221;][vc_column width=&#8221;1\/2&#8243;][vc_column_text][vc_row_inner][vc_column_inner width=&#8221;1\/2&#8243;][\/vc_column_inner][vc_column_inner width=&#8221;1\/2&#8243;][\/vc_column_inner][\/vc_row_inner][\/vc_column_text][\/vc_column][vc_column width=&#8221;1\/2&#8243;][vc_row_inner][vc_column_inner width=&#8221;1\/2&#8243;][\/vc_column_inner][vc_column_inner width=&#8221;1\/2&#8243;][\/vc_column_inner][\/vc_row_inner][vc_row_inner][vc_column_inner width=&#8221;1\/2&#8243; offset=&#8221;vc_hidden-lg vc_hidden-md vc_hidden-sm vc_hidden-xs&#8221;][\/vc_column_inner][vc_column_inner width=&#8221;1\/2&#8243; offset=&#8221;vc_hidden-lg vc_hidden-md vc_hidden-sm vc_hidden-xs&#8221;][\/vc_column_inner][\/vc_row_inner][\/vc_column][\/vc_row][vc_row][vc_column][vc_column_text][\/vc_column_text][\/vc_column][\/vc_row][vc_row][vc_column][vc_empty_space height=&#8221;30px&#8221;][\/vc_column][\/vc_row][vc_row css=&#8221;.vc_custom_1465449084636{margin-top: 30px !important;margin-bottom: 20px !important;background: #1c2335 url(http:\/\/elma-group.eu\/wp-content\/uploads\/2014\/01\/blue-bg-progressive.jpg?id=7298) !important;background-position: center !important;background-repeat: no-repeat !important;background-size: cover !important;}&#8221; font_color=&#8221;#ffffff&#8221; el_class=&#8221;parallax-vertical&#8221;][vc_column][vc_column_text css_animation=&#8221;left-to-right&#8221;] Z Vami \u017ee od leta 1947. [\/vc_column_text][\/vc_column][\/vc_row]<\/p>\n","protected":false},"author":1,"featured_media":0,"parent":0,"menu_order":1,"comment_status":"closed","ping_status":"closed","template":"","meta":[],"_links":{"self":[{"href":"http:\/\/elma-group.eu\/si\/wp-json\/wp\/v2\/pages\/6597"}],"collection":[{"href":"http:\/\/elma-group.eu\/si\/wp-json\/wp\/v2\/pages"}],"about":[{"href":"http:\/\/elma-group.eu\/si\/wp-json\/wp\/v2\/types\/page"}],"author":[{"embeddable":true,"href":"http:\/\/elma-group.eu\/si\/wp-json\/wp\/v2\/users\/1"}],"replies":[{"embeddable":true,"href":"http:\/\/elma-group.eu\/si\/wp-json\/wp\/v2\/comments?post=6597"}],"version-history":[{"count":54,"href":"http:\/\/elma-group.eu\/si\/wp-json\/wp\/v2\/pages\/6597\/revisions"}],"predecessor-version":[{"id":7468,"href":"http:\/\/elma-group.eu\/si\/wp-json\/wp\/v2\/pages\/6597\/revisions\/7468"}],"wp:attachment":[{"href":"http:\/\/elma-group.eu\/si\/wp-json\/wp\/v2\/media?parent=6597"}],"curies":[{"name":"wp","href":"https:\/\/api.w.org\/{rel}","templated":true}]}}